{"id":156,"date":"2009-06-18T09:21:39","date_gmt":"2009-06-18T07:21:39","guid":{"rendered":"http:\/\/egophobia.ro\/revista\/?page_id=156"},"modified":"2024-03-16T17:18:41","modified_gmt":"2024-03-16T15:18:41","slug":"contact","status":"publish","type":"page","link":"https:\/\/egophobia.ro\/?page_id=156","title":{"rendered":"contact"},"content":{"rendered":"<p align=\"justify\">Mesajele dumneavoastr\u0103 sunt a\u015fteptate la adresa <b><a href=\"mailto:egophobia@gmx.net\">egophobia@gmx.net<\/a><\/b>.<\/p>\n<p align=\"justify\">Scrisori, texte, c\u0103r\u0163i [spre recenzare, dar nu numai], fotografii, desene, CD-uri [&#8230;] se primesc la adresele<\/p>\n<table border=\"0\" width=\"480\">\n<tbody>\n<tr>\n<td>\n<p align=\"justify\">\u015etefan Bolea<br \/>\nStr. Eminescu Nr. 13<br \/>\nAp. 3\/1<br \/>\n400033 Cluj-Napoca<\/p>\n<p>[<i>din Rom\u00e2nia<\/i>]<\/td>\n<td>\n<p align=\"justify\">Sorin-Mihai Grad<br \/>\nUMA \/ ENSTA Paris<br \/>\n828 Bd des Mar\u00e9chaux<br \/>\n91120 Palaiseau<br \/>\nFrance<br \/>\n[<i>din str\u0103in\u0103tate<\/i>]<\/p>\n<\/td>\n<\/tr>\n<\/tbody>\n<\/table>\n<p align=\"justify\">Nu uita\u0163i s\u0103 ata\u015fa\u0163i trimiterilor po\u015ftale \u015fi o adres\u0103 de e-mail! Cel mai bine e s\u0103 ne trimite\u0163i \u015fi un e-mail \u00een care s\u0103 ne anun\u0163a\u0163i de trimitere la adresa <a href=\"mailto:egophobia@gmx.net\" target=\"_blank\" rel=\"noopener noreferrer\">egophobia@gmx.net<\/a>.<br \/>\nC\u00e2nd oferi\u0163i un material spre publicare\/recenzare unui redactor\/colaborator al EgoPHobia, v\u0103 rug\u0103m s\u0103 trimite\u0163i un mesaj pe adresa redac\u0163iei specific\u00e2nd despre ce material e vorba. V\u0103 mul\u0163umim!<\/p>\n<p align=\"justify\">De asemenea v\u0103 a\u015ftept\u0103m pe <b>blog<\/b>ul EgoPHobia, la adresa<br \/>\n<a href=\"https:\/\/blog.egophobia.ro\/\" target=\"_blank\" rel=\"noopener\">blog.egophobia.ro<\/a>.<\/p>\n","protected":false},"excerpt":{"rendered":"<p>Mesajele dumneavoastr\u0103 sunt a\u015fteptate la adresa egophobia@gmx.net. Scrisori, texte, c\u0103r\u0163i [spre recenzare, dar nu numai], fotografii, desene, CD-uri [&#8230;] se primesc la adresele \u015etefan Bolea Str. Eminescu Nr. 13 Ap. 3\/1 400033 Cluj-Napoca [din Rom\u00e2nia] Sorin-Mihai Grad UMA \/ ENSTA Paris 828 Bd des Mar\u00e9chaux 91120 Palaiseau France [din str\u0103in\u0103tate] Nu uita\u0163i s\u0103 ata\u015fa\u0163i trimiterilor [&hellip;]<\/p>\n","protected":false},"author":1,"featured_media":0,"parent":0,"menu_order":0,"comment_status":"open","ping_status":"open","template":"","meta":{"jetpack_post_was_ever_published":false,"footnotes":""},"class_list":["post-156","page","type-page","status-publish","hentry"],"jetpack_sharing_enabled":true,"jetpack_shortlink":"https:\/\/wp.me\/P6DakB-2w","_links":{"self":[{"href":"https:\/\/egophobia.ro\/index.php?rest_route=\/wp\/v2\/pages\/156","targetHints":{"allow":["GET"]}}],"collection":[{"href":"https:\/\/egophobia.ro\/index.php?rest_route=\/wp\/v2\/pages"}],"about":[{"href":"https:\/\/egophobia.ro\/index.php?rest_route=\/wp\/v2\/types\/page"}],"author":[{"embeddable":true,"href":"https:\/\/egophobia.ro\/index.php?rest_route=\/wp\/v2\/users\/1"}],"replies":[{"embeddable":true,"href":"https:\/\/egophobia.ro\/index.php?rest_route=%2Fwp%2Fv2%2Fcomments&post=156"}],"version-history":[{"count":17,"href":"https:\/\/egophobia.ro\/index.php?rest_route=\/wp\/v2\/pages\/156\/revisions"}],"predecessor-version":[{"id":15225,"href":"https:\/\/egophobia.ro\/index.php?rest_route=\/wp\/v2\/pages\/156\/revisions\/15225"}],"wp:attachment":[{"href":"https:\/\/egophobia.ro\/index.php?rest_route=%2Fwp%2Fv2%2Fmedia&parent=156"}],"curies":[{"name":"wp","href":"https:\/\/api.w.org\/{rel}","templated":true}]}}