{"id":1626,"date":"2009-09-22T17:03:01","date_gmt":"2009-09-22T15:03:01","guid":{"rendered":"http:\/\/egophobia.ro\/?page_id=1626"},"modified":"2010-08-01T00:30:22","modified_gmt":"2010-07-31T22:30:22","slug":"arxiv","status":"publish","type":"page","link":"https:\/\/egophobia.ro\/?page_id=1626","title":{"rendered":"anun\u0163uri"},"content":{"rendered":"<p>01.08.2010: <a href=\"http:\/\/blog.egophobia.ro\/?p=1200\" target=\"_blank\">Scrisoare deschis\u0103 adresat\u0103 prim-ministrului Emil Boc \u00een leg\u0103tura cu situa\u0163ia editurii Curtea Veche<\/a><\/p>\n<p>16.06.2010: <a href=\"http:\/\/blog.egophobia.ro\/?p=1196\" target=\"_blank\">EgoPHobia #27 e online!<\/a><\/p>\n<p>22.03.2010: <a href=\"http:\/\/blog.egophobia.ro\/?p=1016\" target=\"_blank\">EgoPHobia #26 e online!<\/a><\/p>\n<p>17.03.2010: <a href=\"http:\/\/blog.egophobia.ro\/?p=1097\" target=\"_blank\">Proz\u0103 science fiction &#038; fantasy \u00een EgoPHobia #27<\/a><\/p>\n<p>10.03.2010: <a href=\"http:\/\/blog.egophobia.ro\/?p=1069\" target=\"_blank\">Invitatul din EgoPHobia #26<\/a><\/p>\n<p>06.02.2010: <a href=\"http:\/\/blog.egophobia.ro\/?p=1035\" target=\"_blank\">Ne trebuie doi noi redactori!<\/a><\/p>\n<p>02.02.2010: <a href=\"http:\/\/blog.egophobia.ro\/?p=1023\" target=\"_blank\">E nevoie de 2000\u20ac pentru \u201cHomo Urbanus Europeanus\u201d @ Bucure\u015fti!<\/a><\/p>\n<p>28.01.2010: <a href=\"http:\/\/blog.egophobia.ro\/?p=1016\" target=\"_blank\">EgoPHobia #25 e online!<\/a><\/p>\n","protected":false},"excerpt":{"rendered":"<p>01.08.2010: Scrisoare deschis\u0103 adresat\u0103 prim-ministrului Emil Boc \u00een leg\u0103tura cu situa\u0163ia editurii Curtea Veche 16.06.2010: EgoPHobia #27 e online! 22.03.2010: EgoPHobia #26 e online! 17.03.2010: Proz\u0103 science fiction &#038; fantasy \u00een EgoPHobia #27 10.03.2010: Invitatul din EgoPHobia #26 06.02.2010: Ne trebuie doi noi redactori! 02.02.2010: E nevoie de 2000\u20ac pentru \u201cHomo Urbanus Europeanus\u201d @ Bucure\u015fti! [&hellip;]<\/p>\n","protected":false},"author":2,"featured_media":0,"parent":0,"menu_order":0,"comment_status":"open","ping_status":"open","template":"","meta":{"footnotes":""},"class_list":["post-1626","page","type-page","status-publish","hentry"],"jetpack_sharing_enabled":true,"jetpack_shortlink":"https:\/\/wp.me\/P6DakB-qe","_links":{"self":[{"href":"https:\/\/egophobia.ro\/index.php?rest_route=\/wp\/v2\/pages\/1626","targetHints":{"allow":["GET"]}}],"collection":[{"href":"https:\/\/egophobia.ro\/index.php?rest_route=\/wp\/v2\/pages"}],"about":[{"href":"https:\/\/egophobia.ro\/index.php?rest_route=\/wp\/v2\/types\/page"}],"author":[{"embeddable":true,"href":"https:\/\/egophobia.ro\/index.php?rest_route=\/wp\/v2\/users\/2"}],"replies":[{"embeddable":true,"href":"https:\/\/egophobia.ro\/index.php?rest_route=%2Fwp%2Fv2%2Fcomments&post=1626"}],"version-history":[{"count":17,"href":"https:\/\/egophobia.ro\/index.php?rest_route=\/wp\/v2\/pages\/1626\/revisions"}],"predecessor-version":[{"id":5253,"href":"https:\/\/egophobia.ro\/index.php?rest_route=\/wp\/v2\/pages\/1626\/revisions\/5253"}],"wp:attachment":[{"href":"https:\/\/egophobia.ro\/index.php?rest_route=%2Fwp%2Fv2%2Fmedia&parent=1626"}],"curies":[{"name":"wp","href":"https:\/\/api.w.org\/{rel}","templated":true}]}}